{"id":16,"date":"2023-08-18T06:14:42","date_gmt":"2023-08-18T06:14:42","guid":{"rendered":"https:\/\/www.brzla.cz\/?page_id=16"},"modified":"2025-08-04T09:13:37","modified_gmt":"2025-08-04T09:13:37","slug":"mesmerize","status":"publish","type":"page","link":"https:\/\/www.brzla.cz\/","title":{"rendered":"Home"},"content":{"rendered":"<div  data-label=\"Home\" data-id=\"counters--1\" data-export-id=\"counters-2\" data-category=\"counters\" class=\"counters-2 content-section content-section-spacing\" id=\"home\" style=\"background-color: rgb(255, 255, 255); background-image: none;\"><div  class=\"gridContainer\"> <div  class=\"row text-center\"><div  class=\"section-title-col\" data-type=\"column\"> <h2  class=\"\">Mil\u00e9 maminky a t\u00e1tov\u00e9,<\/h2> <p  class=\"lead\">jmenuji se Iva Bolehovsk\u00e1 a srde\u010dn\u011b v\u00e1s v\u00edt\u00e1m na str\u00e1nk\u00e1ch t\u00fdkaj\u00edc\u00edch se modern\u00edch poznatk\u016f o psychomotorick\u00e9m v\u00fdvoji, spr\u00e1vn\u00e9 manipulaci a stimulac\u00edch novorozenc\u016f, kojenc\u016f a d\u011bt\u00ed do jednoho roku. <br >Pokud i vy pat\u0159\u00edte k t\u011bm, kter\u00fdm nen\u00ed spr\u00e1vn\u00fd v\u00fdvoj va\u0161eho d\u011b\u0165\u00e1tka lhostejn\u00fd a hodl\u00e1te se kv\u016fli n\u011bmu d\u00e1le a hloub\u011bji vzd\u011bl\u00e1vat, potom jste tu zcela spr\u00e1vn\u011b a pros\u00edm, nahl\u00e9dn\u011bte do m\u00e9 nab\u00eddky n\u00ed\u017ee.<\/p><\/div> <\/div> <div  class=\"row\" data-type=\"row\"> <div  class=\"col-xs-12 col-sm-4 text-center space-bottom col-md-12\"> <i  class=\"fa fa-envira icon color1\"><\/i>  <h3  class=\"\">M\u00e1 odborn\u00e1 zp\u016fsobilost<\/h3><h4  class=\"\">Akreditovan\u00fd instruktor PMV a stimulace kojenc\u016f&nbsp;\n<br >Instruktor psychomotorick\u00e9ho v\u00fdvoje d\u00edt\u011bt\u011b \/ cvi\u010ditel psychomotoriky\n\n<br >Certifikovan\u00e1 lakta\u010dn\u00ed poradkyn\u011b<\/h4><a  class=\"button blue\" href=\"https:\/\/www.brzla.cz?page_id=80\" target=\"_self\" data-cp-link=\"1\" rel=\"noopener\">CERTIFIK\u00c1TY<\/a><\/div>   <\/div><\/div> <\/div><div  data-label=\"manipulace s miminkem\" data-id=\"content--1\" data-export-id=\"content-2\" data-category=\"content\" class=\"content-2 content-section content-section-spacing\" id=\"manipulace-s-miminkem\" style=\"background-color: rgb(245, 250, 253); background-image: none;\"><div  class=\"gridContainer\"> <div  class=\"row middle-xs\"><div  class=\"col-sm-5 bg-image shadow-large-black\" data-bg=\"image\" style=\"background-image: url(&quot;https:\/\/www.brzla.cz\/wp-content\/uploads\/2023\/08\/cropped-Frame_120a-e1692685641366.jpg&quot;);\"><\/div> <div  class=\"col-sm-7 full-col-left-padding full-col-right-padding\"> <div  class=\"row\"> <div  data-type=\"column\" class=\"space-bottom-small content-title-col\">  <h2  class=\"\">Spr\u00e1vn\u00e1 manipulace s d\u00edt\u011btem<\/h2> <h4  class=\"\">Spole\u010dn\u011b zvl\u00e1dneme spr\u00e1vn\u00e9 techniky manipulace s miminkem v souladu s jeho pot\u0159ebami a psychomotorick\u00fdm v\u00fdvojem. V\u011b\u0159te nebo ne, ale je to pr\u00e1v\u011b manipulace b\u011bhem dne\/noci, kter\u00e1 ovliv\u0148uje \u017eivot, zdrav\u00ed a spokojenost d\u00edt\u011bte. M\u00e1te to tedy pln\u011b \u201eve va\u0161ich rukou\u201c.\n<br ><br >\nProvedu v\u00e1s spravnou technikou: zved\u00e1n\u00ed a pokl\u00e1d\u00e1n\u00ed d\u00edt\u011bte, p\u0159en\u00e1\u0161en\u00ed z m\u00edsta na m\u00edsto, chov\u00e1n\u00ed a uklid\u0148ov\u00e1n\u00ed v n\u00e1ru\u010d\u00ed nebo pe\u0159ince, polohov\u00e1n\u00ed d\u00edt\u011bte, ot\u00e1\u010den\u00ed ze zad a na b\u0159\u00ed\u0161ko s domopoc\u00ed\u2026 aj.<\/h4><\/div> <\/div> <div  class=\"row spaced-cols \" data-type=\"row\"> <div  class=\"col-xs-6 col-md-6\" data-type=\"column\">  <\/div>    <\/div><\/div> <\/div><\/div> <\/div><div  data-label=\"poradna psychomotorick\u00e9ho vyvoje\" data-id=\"content--2\" data-export-id=\"content-3\" data-category=\"content\" class=\"content-3 content-section content-section-spacing\" id=\"poradna-psychomotorickeho-vyvoje\" style=\"background-color: rgb(255, 255, 255); background-image: none;\"><div  class=\"gridContainer\"> <div  class=\"row middle-xs\"><div  class=\"col-sm-7 full-col-left-padding full-col-right-padding\"> <div  class=\"row\"><div  data-type=\"column\" class=\"space-bottom-small content-title-col\">  <h2  class=\"\">Poradna psychomotorick\u00e9ho v\u00fdvoje<\/h2> <h4  class=\"\">Nau\u010d\u00edm v\u00e1s stimulovat a motivovat va\u0161e d\u00edt\u011b k postupn\u00e9mu rozvoji jeho dovednost\u00ed s ohledem na PMV metodiky Evy Kiedro\u0148ov\u00e9. Poradna je ur\u010dena rodi\u010d\u016fm s d\u011btmi od jednoho roku a prob\u00edh\u00e1 ve skupince max. 3 d\u011bt\u00ed nebo individu\u00e1ln\u011b v trutnovsk\u00e9m rodinn\u00e9m centru Trut\u00ednek, v Hradci Kr\u00e1lov\u00e9 v centru pro maminky \u2013 Kukleny.\n<br >\n<br >Tato poradna v\u00e1s bude informovat o zm\u011bn\u00e1ch ve v\u00fdvoji jednotliv\u00fdch dovednost\u00ed va\u0161eho d\u00edt\u011bte, nau\u010d\u00ed v\u00e1s l\u00e9pe porozum\u011bt jeho pot\u0159eb\u00e1m, upozorn\u00ed na odchylky ve v\u00fdvoji, odhal\u00ed p\u0159\u00ed\u010diny a spole\u010dn\u011b budeme pracovat na prevevenci a jejich napraven\u00ed.&nbsp;\n<\/h4><\/div> <\/div> <div  class=\"row spaced-cols\" data-type=\"row\">   <div  class=\"col-xs-6\" data-type=\"column\"> <\/div>  <\/div><\/div> <div  class=\"col-sm-5 bg-image shadow-large-black revert-classes-holder\" data-bg=\"image\" style=\"background-image: url(&quot;https:\/\/www.brzla.cz\/wp-content\/uploads\/2023\/08\/cropped-cropped-supr-foto.jpg&quot;);\"><\/div><\/div> <\/div><\/div><div  data-label=\"laktacni poradenstv\u00ed\" data-id=\"content--3\" data-export-id=\"content-8-mc\" data-category=\"content\" class=\"content-8-mc content-section content-section-spacing\" id=\"laktacni-poradenstvi\" style=\"background-color: rgb(245, 250, 253); background-image: none;\"><div  class=\"gridContainer\"> <div  class=\"row middle-sm\"><div  class=\"col-sm-6 space-bottom-xs space-top-xs\" data-type=\"column\"> <img  decoding=\"async\" class=\"shadow-large\" src=\"https:\/\/www.brzla.cz\/wp-content\/uploads\/2023\/08\/cropped-kojeni.jpg\" title=\"cropped-kojeni.jpg\" alt=\"\"><\/div> <div  class=\"col-sm-6\" data-type=\"column\"><h2  class=\"\">Lakta\u010dn\u00ed poradenstv\u00ed<\/h2>  <h4  class=\"\">Spr\u00e1vnou techniku kojen\u00ed va\u0161eho miminka nelze podce\u0148ovat a na tento \u201e\u00fakol\u201c &nbsp;je nejl\u00e9pe se p\u0159ipravit u\u017e b\u011bhem t\u011bhotenstv\u00ed. Dozv\u00edte se, jak ovliv\u0148uje kojen\u00ed porod, jak dos\u00e1nout okam\u017eit\u00e9ho p\u0159is\u00e1n\u00ed po porodu, jak by m\u011blo kojen\u00ed vypadat v prvn\u00edch hodin\u00e1ch po porodu a jak poznat, \u017ee miminko pije dostatek ml\u00e9ka. \n<br ><br >M\u016f\u017eete se na m\u011b obr\u00e1tit p\u0159ed porodem, po porodu, nebo p\u0159i jak\u00fdchkoliv probl\u00e9mech b\u011bhem prvn\u00edch m\u011bs\u00edc\u016f a\u017e do jednoho roku d\u00edt\u011bte, abychom spole\u010dn\u011b zamezili p\u0159ed\u010dasn\u00e9mu odstaven\u00ed.&nbsp;<\/h4><\/div> <\/div><\/div> <\/div><div  data-label=\"cenik\" data-id=\"features--1\" data-export-id=\"features-13-card-bordered\" data-category=\"features\" class=\"features-13 content-section content-section-spacing\" id=\"cenik\" style=\"background-color: rgb(255, 255, 255); background-image: none;\"><div  class=\"gridContainer\"> <div  class=\"row text-center\"><div  class=\"section-title-col\" data-type=\"column\"> <h2  class=\"\">Cen\u00edk a podm\u00ednky *<\/h2> <h4  class=\"\"><br >* Term\u00edn konzultace je nutn\u00e9  objednat p\u0159edem na \u010d\u00edsle 605 414 719 nebo jej obdr\u017e\u00edte na p\u0159edchoz\u00ed poradn\u011b.&nbsp;<br >* Platba za konzultaci prob\u00edh\u00e1 na konci lekce bu\u010f v hotovosti  nebo pomoc\u00ed QR k\u00f3du. <br >* Platba kurzovn\u00e9ho (p\u0159edporodn\u00ed kurz) nebo platba za t\u00e9matick\u00e9 p\u0159edn\u00e1\u0161ky prob\u00edh\u00e1 p\u0159edem formou bankovn\u00edho p\u0159evodu na \u010d.\u00fa. 2900864268\/2010.<br >* Pokud klient na dohodnutou konzultaci nedoraz\u00ed nebo se omluv\u00ed pozd\u011bji ne\u017e 24hodin p\u0159ed konzultac\u00ed, hrad\u00ed plnou cenu zme\u0161kan\u00e9 poradny.\n<br >* Po Trutnov\u011b ne\u00fa\u010dtuji dopravu. <br >* Na kurzovn\u00e9 manipulace pro t\u011bhotn\u00e9 i na Poradnu MPV p\u0159isp\u00edvaj\u00ed nebo zcela hrad\u00ed n\u011bkter\u00e9 poji\u0161\u0165ovny.&nbsp;<\/h4><\/div> <\/div> <div  class=\"row spaced-cols content-center-sm\" data-type=\"row\"> <div  class=\"col-sm-4 col-md-6 \"> <div  class=\"card bordered y-move\" data-type=\"column\"> <i  class=\"fa icon color1 fa-angle-down small\"><\/i> <h4  class=\"\">Kurz p\u0159edporodn\u00ed p\u0159\u00edpravy pro p\u00e1ry \u2013 p\u0159\u00edprava lakta\u010dn\u00ed a v\u00fduka spr\u00e1vn\u00e9ho zach\u00e1zen\u00ed s nejmen\u0161\u00edmi d\u011btmi v rozsahu 5 hodin<\/h4>  <h5  class=\"\">1 900 K\u010d<\/h5><\/div> <\/div> <div  class=\"col-sm-4 col-md-6 \"> <div  class=\"card bordered y-move\" data-type=\"column\"> <i  class=\"fa icon color1 fa-angle-down small\"><\/i> <h4  class=\"\">Individu\u00e1ln\u00ed v\u00fduka manipulac\u00ed, poradny PMV a lakta\u010dn\u00ed poradna<\/h4>  <h5  class=\"\">1200 K\u010d \/ 1 lekce \/ 90 min.<\/h5><\/div> <\/div> <div  class=\"col-sm-4 col-md-6 \"> <div  class=\"card bordered y-move\" data-type=\"column\"> <i  class=\"fa icon color1 fa-angle-down small\"><\/i> <h4  class=\"\">Poradna psychomotorick\u00e9ho v\u00fdvoje kojenc\u016f\n<br >Trut\u00ednek, Trutnov<\/h4>  <h5  class=\"\">Skupina 2 miminka 600 K\u010d \/ osoba \/ 60 min.<\/h5><h5  class=\"\">Skupinka 3 miminka 500 K\u010d \/ osoba \/ 90 min.<\/h5><\/div> <\/div><div  class=\"col-sm-4 col-md-6 \"> <div  class=\"card bordered y-move\" data-type=\"column\"> <i  class=\"fa icon color1 fa-angle-down small\"><\/i> <h4  class=\"\">Poradna psychomotorick\u00e9ho v\u00fdvoje kojenc\u016f \n<br >Hradec Kr\u00e1lov\u00e9 a Pardubice<\/h4>  <h5  class=\"\">Skupina 2 miminka 700 K\u010d \/ osoba \/ 60 min.<\/h5><h5  class=\"\">Skupina 3 miminka 600 K\u010d \/ osoba \/ 90 min.<\/h5><\/div> <\/div><\/div> <\/div><\/div>","protected":false},"excerpt":{"rendered":"<p>Mil\u00e9 maminky a t\u00e1tov\u00e9, jmenuji se Iva Bolehovsk\u00e1 a srde\u010dn\u011b v\u00e1s v\u00edt\u00e1m na str\u00e1nk\u00e1ch t\u00fdkaj\u00edc\u00edch se modern\u00edch poznatk\u016f o psychomotorick\u00e9m v\u00fdvoji, spr\u00e1vn\u00e9 manipulaci a stimulac\u00edch novorozenc\u016f, kojenc\u016f a d\u011bt\u00ed do jednoho roku. Pokud i vy pat\u0159\u00edte k t\u011bm, kter\u00fdm nen\u00ed spr\u00e1vn\u00fd v\u00fdvoj va\u0161eho d\u011b\u0165\u00e1tka lhostejn\u00fd a hodl\u00e1te se kv\u016fli n\u011bmu d\u00e1le a hloub\u011bji vzd\u011bl\u00e1vat, potom&hellip; <br \/> <a class=\"read-more\" href=\"https:\/\/www.brzla.cz\/\">V\u00edce<\/a><\/p>\n","protected":false},"author":2,"featured_media":0,"parent":0,"menu_order":0,"comment_status":"closed","ping_status":"closed","template":"page-templates\/homepage.php","meta":{"footnotes":""},"class_list":["post-16","page","type-page","status-publish","hentry"],"yoast_head":"<!-- This site is optimized with the Yoast SEO plugin v27.4 - https:\/\/yoast.com\/product\/yoast-seo-wordpress\/ -->\n<title>Poradna psychomotorick\u00e9ho v\u00fdvoje kojenc\u016f | Lakta\u010dn\u00ed poradkyn\u011b<\/title>\n<meta name=\"description\" content=\"Poradna Mgr. Iva Bolehovsk\u00e1. Spr\u00e1vn\u00e1 manipulace novorozenc\u016f, kojenc\u016f a d\u011bt\u00ed do jednoho roku, psychomotorick\u00fd v\u00fdvoj a lakta\u010dn\u00ed poradenstv\u00ed.\" \/>\n<meta name=\"robots\" content=\"index, follow, max-snippet:-1, max-image-preview:large, max-video-preview:-1\" \/>\n<link rel=\"canonical\" href=\"https:\/\/www.brzla.cz\/\" \/>\n<meta property=\"og:locale\" content=\"cs_CZ\" \/>\n<meta property=\"og:type\" content=\"article\" \/>\n<meta property=\"og:title\" content=\"Poradna psychomotorick\u00e9ho v\u00fdvoje kojenc\u016f | Lakta\u010dn\u00ed poradkyn\u011b\" \/>\n<meta property=\"og:description\" content=\"Poradna Mgr. Iva Bolehovsk\u00e1. Spr\u00e1vn\u00e1 manipulace novorozenc\u016f, kojenc\u016f a d\u011bt\u00ed do jednoho roku, psychomotorick\u00fd v\u00fdvoj a lakta\u010dn\u00ed poradenstv\u00ed.\" \/>\n<meta property=\"og:url\" content=\"https:\/\/www.brzla.cz\/\" \/>\n<meta property=\"og:site_name\" content=\"Poradna psychomotorick\u00e9ho v\u00fdvoje kojenc\u016f a p\u0159i kojen\u00ed\" \/>\n<meta property=\"article:modified_time\" content=\"2025-08-04T09:13:37+00:00\" \/>\n<meta property=\"og:image\" content=\"http:\/\/www.brzla.cz\/wp-content\/uploads\/2023\/08\/cropped-kojeni.jpg\" \/>\n<meta name=\"twitter:card\" content=\"summary_large_image\" \/>\n<meta name=\"twitter:label1\" content=\"Odhadovan\u00e1 doba \u010dten\u00ed\" \/>\n\t<meta name=\"twitter:data1\" content=\"3 minuty\" \/>\n<script type=\"application\/ld+json\" class=\"yoast-schema-graph\">{\"@context\":\"https:\\\/\\\/schema.org\",\"@graph\":[{\"@type\":\"WebPage\",\"@id\":\"https:\\\/\\\/www.brzla.cz\\\/\",\"url\":\"https:\\\/\\\/www.brzla.cz\\\/\",\"name\":\"Poradna psychomotorick\u00e9ho v\u00fdvoje kojenc\u016f | Lakta\u010dn\u00ed poradkyn\u011b\",\"isPartOf\":{\"@id\":\"https:\\\/\\\/www.brzla.cz\\\/#website\"},\"primaryImageOfPage\":{\"@id\":\"https:\\\/\\\/www.brzla.cz\\\/#primaryimage\"},\"image\":{\"@id\":\"https:\\\/\\\/www.brzla.cz\\\/#primaryimage\"},\"thumbnailUrl\":\"http:\\\/\\\/www.brzla.cz\\\/wp-content\\\/uploads\\\/2023\\\/08\\\/cropped-kojeni.jpg\",\"datePublished\":\"2023-08-18T06:14:42+00:00\",\"dateModified\":\"2025-08-04T09:13:37+00:00\",\"description\":\"Poradna Mgr. Iva Bolehovsk\u00e1. Spr\u00e1vn\u00e1 manipulace novorozenc\u016f, kojenc\u016f a d\u011bt\u00ed do jednoho roku, psychomotorick\u00fd v\u00fdvoj a lakta\u010dn\u00ed poradenstv\u00ed.\",\"breadcrumb\":{\"@id\":\"https:\\\/\\\/www.brzla.cz\\\/#breadcrumb\"},\"inLanguage\":\"cs\",\"potentialAction\":[{\"@type\":\"ReadAction\",\"target\":[\"https:\\\/\\\/www.brzla.cz\\\/\"]}]},{\"@type\":\"ImageObject\",\"inLanguage\":\"cs\",\"@id\":\"https:\\\/\\\/www.brzla.cz\\\/#primaryimage\",\"url\":\"http:\\\/\\\/www.brzla.cz\\\/wp-content\\\/uploads\\\/2023\\\/08\\\/cropped-kojeni.jpg\",\"contentUrl\":\"http:\\\/\\\/www.brzla.cz\\\/wp-content\\\/uploads\\\/2023\\\/08\\\/cropped-kojeni.jpg\"},{\"@type\":\"BreadcrumbList\",\"@id\":\"https:\\\/\\\/www.brzla.cz\\\/#breadcrumb\",\"itemListElement\":[{\"@type\":\"ListItem\",\"position\":1,\"name\":\"Dom\u016f\",\"item\":\"https:\\\/\\\/www.brzla.cz\\\/\"},{\"@type\":\"ListItem\",\"position\":2,\"name\":\"Home\"}]},{\"@type\":\"WebSite\",\"@id\":\"https:\\\/\\\/www.brzla.cz\\\/#website\",\"url\":\"https:\\\/\\\/www.brzla.cz\\\/\",\"name\":\"Poradna psychomotorick\u00e9ho v\u00fdvoje kojenc\u016f a p\u0159i kojen\u00ed\",\"description\":\"\",\"potentialAction\":[{\"@type\":\"SearchAction\",\"target\":{\"@type\":\"EntryPoint\",\"urlTemplate\":\"https:\\\/\\\/www.brzla.cz\\\/?s={search_term_string}\"},\"query-input\":{\"@type\":\"PropertyValueSpecification\",\"valueRequired\":true,\"valueName\":\"search_term_string\"}}],\"inLanguage\":\"cs\"}]}<\/script>\n<!-- \/ Yoast SEO plugin. -->","yoast_head_json":{"title":"Poradna psychomotorick\u00e9ho v\u00fdvoje kojenc\u016f | Lakta\u010dn\u00ed poradkyn\u011b","description":"Poradna Mgr. Iva Bolehovsk\u00e1. Spr\u00e1vn\u00e1 manipulace novorozenc\u016f, kojenc\u016f a d\u011bt\u00ed do jednoho roku, psychomotorick\u00fd v\u00fdvoj a lakta\u010dn\u00ed poradenstv\u00ed.","robots":{"index":"index","follow":"follow","max-snippet":"max-snippet:-1","max-image-preview":"max-image-preview:large","max-video-preview":"max-video-preview:-1"},"canonical":"https:\/\/www.brzla.cz\/","og_locale":"cs_CZ","og_type":"article","og_title":"Poradna psychomotorick\u00e9ho v\u00fdvoje kojenc\u016f | Lakta\u010dn\u00ed poradkyn\u011b","og_description":"Poradna Mgr. Iva Bolehovsk\u00e1. Spr\u00e1vn\u00e1 manipulace novorozenc\u016f, kojenc\u016f a d\u011bt\u00ed do jednoho roku, psychomotorick\u00fd v\u00fdvoj a lakta\u010dn\u00ed poradenstv\u00ed.","og_url":"https:\/\/www.brzla.cz\/","og_site_name":"Poradna psychomotorick\u00e9ho v\u00fdvoje kojenc\u016f a p\u0159i kojen\u00ed","article_modified_time":"2025-08-04T09:13:37+00:00","og_image":[{"url":"http:\/\/www.brzla.cz\/wp-content\/uploads\/2023\/08\/cropped-kojeni.jpg","type":"","width":"","height":""}],"twitter_card":"summary_large_image","twitter_misc":{"Odhadovan\u00e1 doba \u010dten\u00ed":"3 minuty"},"schema":{"@context":"https:\/\/schema.org","@graph":[{"@type":"WebPage","@id":"https:\/\/www.brzla.cz\/","url":"https:\/\/www.brzla.cz\/","name":"Poradna psychomotorick\u00e9ho v\u00fdvoje kojenc\u016f | Lakta\u010dn\u00ed poradkyn\u011b","isPartOf":{"@id":"https:\/\/www.brzla.cz\/#website"},"primaryImageOfPage":{"@id":"https:\/\/www.brzla.cz\/#primaryimage"},"image":{"@id":"https:\/\/www.brzla.cz\/#primaryimage"},"thumbnailUrl":"http:\/\/www.brzla.cz\/wp-content\/uploads\/2023\/08\/cropped-kojeni.jpg","datePublished":"2023-08-18T06:14:42+00:00","dateModified":"2025-08-04T09:13:37+00:00","description":"Poradna Mgr. Iva Bolehovsk\u00e1. Spr\u00e1vn\u00e1 manipulace novorozenc\u016f, kojenc\u016f a d\u011bt\u00ed do jednoho roku, psychomotorick\u00fd v\u00fdvoj a lakta\u010dn\u00ed poradenstv\u00ed.","breadcrumb":{"@id":"https:\/\/www.brzla.cz\/#breadcrumb"},"inLanguage":"cs","potentialAction":[{"@type":"ReadAction","target":["https:\/\/www.brzla.cz\/"]}]},{"@type":"ImageObject","inLanguage":"cs","@id":"https:\/\/www.brzla.cz\/#primaryimage","url":"http:\/\/www.brzla.cz\/wp-content\/uploads\/2023\/08\/cropped-kojeni.jpg","contentUrl":"http:\/\/www.brzla.cz\/wp-content\/uploads\/2023\/08\/cropped-kojeni.jpg"},{"@type":"BreadcrumbList","@id":"https:\/\/www.brzla.cz\/#breadcrumb","itemListElement":[{"@type":"ListItem","position":1,"name":"Dom\u016f","item":"https:\/\/www.brzla.cz\/"},{"@type":"ListItem","position":2,"name":"Home"}]},{"@type":"WebSite","@id":"https:\/\/www.brzla.cz\/#website","url":"https:\/\/www.brzla.cz\/","name":"Poradna psychomotorick\u00e9ho v\u00fdvoje kojenc\u016f a p\u0159i kojen\u00ed","description":"","potentialAction":[{"@type":"SearchAction","target":{"@type":"EntryPoint","urlTemplate":"https:\/\/www.brzla.cz\/?s={search_term_string}"},"query-input":{"@type":"PropertyValueSpecification","valueRequired":true,"valueName":"search_term_string"}}],"inLanguage":"cs"}]}},"_links":{"self":[{"href":"https:\/\/www.brzla.cz\/index.php?rest_route=\/wp\/v2\/pages\/16","targetHints":{"allow":["GET"]}}],"collection":[{"href":"https:\/\/www.brzla.cz\/index.php?rest_route=\/wp\/v2\/pages"}],"about":[{"href":"https:\/\/www.brzla.cz\/index.php?rest_route=\/wp\/v2\/types\/page"}],"author":[{"embeddable":true,"href":"https:\/\/www.brzla.cz\/index.php?rest_route=\/wp\/v2\/users\/2"}],"replies":[{"embeddable":true,"href":"https:\/\/www.brzla.cz\/index.php?rest_route=%2Fwp%2Fv2%2Fcomments&post=16"}],"version-history":[{"count":28,"href":"https:\/\/www.brzla.cz\/index.php?rest_route=\/wp\/v2\/pages\/16\/revisions"}],"predecessor-version":[{"id":168,"href":"https:\/\/www.brzla.cz\/index.php?rest_route=\/wp\/v2\/pages\/16\/revisions\/168"}],"wp:attachment":[{"href":"https:\/\/www.brzla.cz\/index.php?rest_route=%2Fwp%2Fv2%2Fmedia&parent=16"}],"curies":[{"name":"wp","href":"https:\/\/api.w.org\/{rel}","templated":true}]}}